{"id":2252,"date":"2018-01-04T11:32:06","date_gmt":"2018-01-04T10:32:06","guid":{"rendered":"https:\/\/release.chiarasalce.com\/?page_id=2252"},"modified":"2018-05-26T11:29:30","modified_gmt":"2018-05-26T09:29:30","slug":"servizi-interpretariato","status":"publish","type":"page","link":"https:\/\/chiarasalce.com\/it\/servizi\/servizi-interpretariato\/","title":{"rendered":"Servizi di Interpretariato"},"content":{"rendered":"<div class=\"wpb-content-wrapper\"><p>[vc_row css=&#8221;.vc_custom_1489070896466{margin-bottom: 30px !important;}&#8221;][vc_column offset=&#8221;vc_col-lg-9 vc_col-md-9&#8243;][vc_column_text css=&#8221;.vc_custom_1515061998144{margin-bottom: 25px !important;}&#8221;]Gli interpreti permettono di comunicare con clienti e ospiti stranieri, trasmettendo idee e concetti da una lingua ad un&#8217;altra. Gli interpreti lavorano in numerosi ambiti e utilizzano diverse tecniche a seconda del luogo dell&#8217;evento, numero di partecipanti, tipologia di evento, e cos\u00ec via. Gli interpreti lavorano da soli o in coppia, a seconda dell&#8217;incarico.<\/p>\n<p>Lavoro come interprete freelance dal 2012. Ho maturato esperienza in diverse tipologie di eventi, quali visite aziendali, trattative commerciali, conferenze internazionali, eventi culturali e molto altri. Negli anni ho lavorato in molteplici settori, quali: politica e cooperazione internazionale, energia, ingegneria, trasporti, ambiente e sostenibilit\u00e0, turismo e viaggi. Ho una formazione specifica in interpretariato simultaneo e consecutivo.<\/p>\n<p><strong>Contattatemi<\/strong> per ricevere la versione completa ed aggiornata del mio curriculum vitae.[\/vc_column_text][vc_column_text css=&#8221;.vc_custom_1515062037054{margin-bottom: 34px !important;}&#8221;]<\/p>\n<blockquote><p>Sar\u00f2 lieta di aiutarvi per organizzare il servizio di interpretariato pi\u00f9 adatto al vostro evento! <a href=\"https:\/\/chiarasalce.com\/it\/contatti\/\"><strong>Contattatemi<\/strong><\/a> per discutere le vostre esigenze, e troveremo insieme la soluzione migliore.<\/p><\/blockquote>\n<p>[\/vc_column_text][vc_tta_accordion shape=&#8221;square&#8221; c_position=&#8221;right&#8221; active_section=&#8221;1&#8243; css=&#8221;.vc_custom_1456219636222{margin-bottom: 34px !important;}&#8221;][vc_tta_section title=&#8221;Interpretariato Simultaneo o Consecutivo?&#8221; tab_id=&#8221;1452765420119-d4dfaf69-4fae&#8221;][vc_column_text]L&#8217;interpretariato simultaneo viene effettuato in genere in occasione di conferenze, seminari, lezioni frontali, forum ed altri grandi eventi. Richiede un team di due interpreti e l&#8217;utilizzo di cabine insonorizzate e attrezzature (microfoni e cuffie).<\/p>\n<p>L&#8217;interpretariato consecutivo viene effettuato solitamente durante eventi minori, incontri, presentazioni aziendali, negoziazioni, fiere, primi contatti con i clienti. In questo caso l&#8217;interprete siede vicino ai partecipanti, prende nota del discorso e lo traduce nell&#8217;altra lingua. A seconda del luogo dell&#8217;evento pu\u00f2 essere necessario l&#8217;utilizzo di un microfono.<\/p>\n<p>Contattatemi per parlare del vostro evento e delle vostre esigenze linguistiche, lasciate che vi aiuti ad organizzare il servizio di interpretariato pi\u00f9 adatto a voi![\/vc_column_text][\/vc_tta_section][vc_tta_section title=&#8221;Combinazione Linguistica&#8221; tab_id=&#8221;1452765443215-63a10c55-a5ef&#8221;][vc_column_text]Sono madrelingua italiana. Ho vissuto e studiato negli Stati Uniti per quasi 5 anni, acquisendo un livello di inglese quasi madrelingua. Studio la lingua russa da oltre 10 anni ed ho vissuto e lavorato a Mosca per circa 2 anni.<\/p>\n<p>Fornisco pertanto servizi di interpretariato tra l&#8217;italiano e l&#8217;inglese, l&#8217;italiano e il russo e l&#8217;inglese e il russo.[\/vc_column_text][\/vc_tta_section][vc_tta_section title=&#8221;Tariffe&#8221; tab_id=&#8221;1452765442453-b921a1fb-6ec8&#8243;][vc_column_text]Le tariffe per il servizio di interpretariato sono generalmente a giornata (massimo 8 ore). Dipendono dalle lingue coinvolte, la modalit\u00e0 di interpretariato, la complessit\u00e0 dell&#8217;argomento e la durata dell&#8217;evento. Le mie tariffe includono sempre un&#8217;approfondita preparazione dell&#8217;incarico.<\/p>\n<p>Contattatemi per discutere delle vostre necessit\u00e0 e sar\u00f2 lieta di fornirvi un preventivo per i miei servizi.[\/vc_column_text][\/vc_tta_section][vc_tta_section title=&#8221;Codice Deontologico&#8221; tab_id=&#8221;1494856182220-887d8ed4-ddcd&#8221;][vc_column_text]Sono un interprete professionista e mi attengo al codice deontologico stabilito dalle associazioni professionali della nostra categoria. Mi preparo sempre in maniera approfondita per ciascun incarico, effettuando ricerche sulla terminologia e l&#8217;argomento trattato.<\/p>\n<p>Chiedo sempre di ricevere materiali per una migliore preparazione, ovvero affinch\u00e8 il servizio di interpretariato offerto sia sempre della massima qualit\u00e0. Poich\u00e9 ogni testo o documento relativo all&#8217;evento \u00e8 essenziale per la preparazione dell&#8217;interprete, sarebbe auspicabile poter ottenere tali materiali, qualora ne foste in possesso, con un buon anticipo rispetto all&#8217;evento stesso. Tuttavia, le informazioni ottenute durante la preparazione e lo svolgimento dell&#8217;incarico restano riservate. Nutro il massimo rispetto per i miei clienti e i miei colleghi, e lo dimostro rispettando sempre gli orari stabiliti e presentandomi sempre in modo professionale.[\/vc_column_text][\/vc_tta_section][\/vc_tta_accordion][\/vc_column][vc_column width=&#8221;1\/4&#8243; offset=&#8221;vc_hidden-sm vc_hidden-xs&#8221;][stm_sidebar sidebar=&#8221;311&#8243;][\/vc_column][\/vc_row]<\/p>\n<\/div>","protected":false},"excerpt":{"rendered":"<p>[vc_row css=&#8221;.vc_custom_1489070896466{margin-bottom: 30px !important;}&#8221;][vc_column offset=&#8221;vc_col-lg-9 vc_col-md-9&#8243;][vc_column_text css=&#8221;.vc_custom_1515061998144{margin-bottom: 25px !important;}&#8221;]Gli interpreti permettono di comunicare con clienti e ospiti stranieri, trasmettendo idee e concetti da una lingua ad un&#8217;altra. Gli interpreti lavorano in numerosi ambiti e utilizzano diverse tecniche a seconda del luogo dell&#8217;evento, numero di partecipanti, tipologia di evento, e cos\u00ec via. Gli interpreti lavorano da<\/p>\n","protected":false},"author":2,"featured_media":0,"parent":2245,"menu_order":0,"comment_status":"closed","ping_status":"closed","template":"","meta":{"footnotes":""},"class_list":["post-2252","page","type-page","status-publish","hentry"],"yoast_head":"<!-- This site is optimized with the Yoast SEO plugin v25.7 - https:\/\/yoast.com\/wordpress\/plugins\/seo\/ -->\n<title>Servizi di Interpretariato - Chiara Salce<\/title>\n<meta name=\"robots\" content=\"index, follow, max-snippet:-1, max-image-preview:large, max-video-preview:-1\" \/>\n<link rel=\"canonical\" href=\"https:\/\/chiarasalce.com\/it\/servizi\/servizi-interpretariato\/\" \/>\n<meta property=\"og:locale\" content=\"it_IT\" \/>\n<meta property=\"og:type\" content=\"article\" \/>\n<meta property=\"og:title\" content=\"Servizi di Interpretariato - Chiara Salce\" \/>\n<meta property=\"og:description\" content=\"[vc_row css=&#8221;.vc_custom_1489070896466{margin-bottom: 30px !important;}&#8221;][vc_column offset=&#8221;vc_col-lg-9 vc_col-md-9&#8243;][vc_column_text css=&#8221;.vc_custom_1515061998144{margin-bottom: 25px !important;}&#8221;]Gli interpreti permettono di comunicare con clienti e ospiti stranieri, trasmettendo idee e concetti da una lingua ad un&#8217;altra. Gli interpreti lavorano in numerosi ambiti e utilizzano diverse tecniche a seconda del luogo dell&#8217;evento, numero di partecipanti, tipologia di evento, e cos\u00ec via. Gli interpreti lavorano da\" \/>\n<meta property=\"og:url\" content=\"https:\/\/chiarasalce.com\/it\/servizi\/servizi-interpretariato\/\" \/>\n<meta property=\"og:site_name\" content=\"Chiara Salce\" \/>\n<meta property=\"article:modified_time\" content=\"2018-05-26T09:29:30+00:00\" \/>\n<meta name=\"twitter:card\" content=\"summary_large_image\" \/>\n<meta name=\"twitter:label1\" content=\"Tempo di lettura stimato\" \/>\n\t<meta name=\"twitter:data1\" content=\"3 minuti\" \/>\n<script type=\"application\/ld+json\" class=\"yoast-schema-graph\">{\"@context\":\"https:\/\/schema.org\",\"@graph\":[{\"@type\":\"WebPage\",\"@id\":\"https:\/\/chiarasalce.com\/it\/servizi\/servizi-interpretariato\/\",\"url\":\"https:\/\/chiarasalce.com\/it\/servizi\/servizi-interpretariato\/\",\"name\":\"Servizi di Interpretariato - Chiara Salce\",\"isPartOf\":{\"@id\":\"https:\/\/chiarasalce.com\/#website\"},\"datePublished\":\"2018-01-04T10:32:06+00:00\",\"dateModified\":\"2018-05-26T09:29:30+00:00\",\"breadcrumb\":{\"@id\":\"https:\/\/chiarasalce.com\/it\/servizi\/servizi-interpretariato\/#breadcrumb\"},\"inLanguage\":\"it-IT\",\"potentialAction\":[{\"@type\":\"ReadAction\",\"target\":[\"https:\/\/chiarasalce.com\/it\/servizi\/servizi-interpretariato\/\"]}]},{\"@type\":\"BreadcrumbList\",\"@id\":\"https:\/\/chiarasalce.com\/it\/servizi\/servizi-interpretariato\/#breadcrumb\",\"itemListElement\":[{\"@type\":\"ListItem\",\"position\":1,\"name\":\"Home\",\"item\":\"https:\/\/chiarasalce.com\/it\/\"},{\"@type\":\"ListItem\",\"position\":2,\"name\":\"Servizi\",\"item\":\"https:\/\/chiarasalce.com\/it\/servizi\/\"},{\"@type\":\"ListItem\",\"position\":3,\"name\":\"Servizi di Interpretariato\"}]},{\"@type\":\"WebSite\",\"@id\":\"https:\/\/chiarasalce.com\/#website\",\"url\":\"https:\/\/chiarasalce.com\/\",\"name\":\"Chiara Salce\",\"description\":\"Professional Interpreter and Translator\",\"potentialAction\":[{\"@type\":\"SearchAction\",\"target\":{\"@type\":\"EntryPoint\",\"urlTemplate\":\"https:\/\/chiarasalce.com\/?s={search_term_string}\"},\"query-input\":{\"@type\":\"PropertyValueSpecification\",\"valueRequired\":true,\"valueName\":\"search_term_string\"}}],\"inLanguage\":\"it-IT\"}]}<\/script>\n<!-- \/ Yoast SEO plugin. -->","yoast_head_json":{"title":"Servizi di Interpretariato - Chiara Salce","robots":{"index":"index","follow":"follow","max-snippet":"max-snippet:-1","max-image-preview":"max-image-preview:large","max-video-preview":"max-video-preview:-1"},"canonical":"https:\/\/chiarasalce.com\/it\/servizi\/servizi-interpretariato\/","og_locale":"it_IT","og_type":"article","og_title":"Servizi di Interpretariato - Chiara Salce","og_description":"[vc_row css=&#8221;.vc_custom_1489070896466{margin-bottom: 30px !important;}&#8221;][vc_column offset=&#8221;vc_col-lg-9 vc_col-md-9&#8243;][vc_column_text css=&#8221;.vc_custom_1515061998144{margin-bottom: 25px !important;}&#8221;]Gli interpreti permettono di comunicare con clienti e ospiti stranieri, trasmettendo idee e concetti da una lingua ad un&#8217;altra. Gli interpreti lavorano in numerosi ambiti e utilizzano diverse tecniche a seconda del luogo dell&#8217;evento, numero di partecipanti, tipologia di evento, e cos\u00ec via. Gli interpreti lavorano da","og_url":"https:\/\/chiarasalce.com\/it\/servizi\/servizi-interpretariato\/","og_site_name":"Chiara Salce","article_modified_time":"2018-05-26T09:29:30+00:00","twitter_card":"summary_large_image","twitter_misc":{"Tempo di lettura stimato":"3 minuti"},"schema":{"@context":"https:\/\/schema.org","@graph":[{"@type":"WebPage","@id":"https:\/\/chiarasalce.com\/it\/servizi\/servizi-interpretariato\/","url":"https:\/\/chiarasalce.com\/it\/servizi\/servizi-interpretariato\/","name":"Servizi di Interpretariato - Chiara Salce","isPartOf":{"@id":"https:\/\/chiarasalce.com\/#website"},"datePublished":"2018-01-04T10:32:06+00:00","dateModified":"2018-05-26T09:29:30+00:00","breadcrumb":{"@id":"https:\/\/chiarasalce.com\/it\/servizi\/servizi-interpretariato\/#breadcrumb"},"inLanguage":"it-IT","potentialAction":[{"@type":"ReadAction","target":["https:\/\/chiarasalce.com\/it\/servizi\/servizi-interpretariato\/"]}]},{"@type":"BreadcrumbList","@id":"https:\/\/chiarasalce.com\/it\/servizi\/servizi-interpretariato\/#breadcrumb","itemListElement":[{"@type":"ListItem","position":1,"name":"Home","item":"https:\/\/chiarasalce.com\/it\/"},{"@type":"ListItem","position":2,"name":"Servizi","item":"https:\/\/chiarasalce.com\/it\/servizi\/"},{"@type":"ListItem","position":3,"name":"Servizi di Interpretariato"}]},{"@type":"WebSite","@id":"https:\/\/chiarasalce.com\/#website","url":"https:\/\/chiarasalce.com\/","name":"Chiara Salce","description":"Professional Interpreter and Translator","potentialAction":[{"@type":"SearchAction","target":{"@type":"EntryPoint","urlTemplate":"https:\/\/chiarasalce.com\/?s={search_term_string}"},"query-input":{"@type":"PropertyValueSpecification","valueRequired":true,"valueName":"search_term_string"}}],"inLanguage":"it-IT"}]}},"_links":{"self":[{"href":"https:\/\/chiarasalce.com\/it\/wp-json\/wp\/v2\/pages\/2252","targetHints":{"allow":["GET"]}}],"collection":[{"href":"https:\/\/chiarasalce.com\/it\/wp-json\/wp\/v2\/pages"}],"about":[{"href":"https:\/\/chiarasalce.com\/it\/wp-json\/wp\/v2\/types\/page"}],"author":[{"embeddable":true,"href":"https:\/\/chiarasalce.com\/it\/wp-json\/wp\/v2\/users\/2"}],"replies":[{"embeddable":true,"href":"https:\/\/chiarasalce.com\/it\/wp-json\/wp\/v2\/comments?post=2252"}],"version-history":[{"count":4,"href":"https:\/\/chiarasalce.com\/it\/wp-json\/wp\/v2\/pages\/2252\/revisions"}],"predecessor-version":[{"id":2258,"href":"https:\/\/chiarasalce.com\/it\/wp-json\/wp\/v2\/pages\/2252\/revisions\/2258"}],"up":[{"embeddable":true,"href":"https:\/\/chiarasalce.com\/it\/wp-json\/wp\/v2\/pages\/2245"}],"wp:attachment":[{"href":"https:\/\/chiarasalce.com\/it\/wp-json\/wp\/v2\/media?parent=2252"}],"curies":[{"name":"wp","href":"https:\/\/api.w.org\/{rel}","templated":true}]}}