{"id":2213,"date":"2018-01-04T09:38:46","date_gmt":"2018-01-04T08:38:46","guid":{"rendered":"https:\/\/release.chiarasalce.com\/?page_id=2213"},"modified":"2018-06-22T09:48:14","modified_gmt":"2018-06-22T07:48:14","slug":"pagina-principale","status":"publish","type":"page","link":"https:\/\/chiarasalce.com\/it\/","title":{"rendered":"Pagina Principale"},"content":{"rendered":"<div class=\"wpb-content-wrapper\"><p>[vc_row full_width=&#8221;stretch_row&#8221; full_height=&#8221;yes&#8221; content_placement=&#8221;top&#8221; css=&#8221;.vc_custom_1527328546058{margin-top: 125px !important;margin-bottom: 0px !important;background-image: url(\/wp-content\/uploads\/2015\/12\/chiara-salce-interpreter-background-3-1.jpg?id=2171) !important;background-position: center !important;background-repeat: no-repeat !important;background-size: cover !important;}&#8221; el_class=&#8221;iussaviachiara&#8221;][vc_column width=&#8221;1\/2&#8243; offset=&#8221;vc_hidden-xs&#8221;][vc_row_inner css=&#8221;.vc_custom_1511168318296{padding-top: 5% !important;padding-right: 5% !important;padding-bottom: 5% !important;padding-left: 5% !important;background-color: rgba(255,255,255,0.9) !important;*background-color: rgb(255,255,255) !important;}&#8221;][vc_column_inner css=&#8221;.vc_custom_1510048000439{padding-bottom: 25px !important;}&#8221;][vc_column_text css=&#8221;.vc_custom_1529485338213{margin-top: 5% !important;}&#8221;]<mark style=\"transition: none 0s ease 0s; text-align: inherit; line-height: 40px; border-width: 0px; margin: 0px; padding: 0px; letter-spacing: -1px; font-weight: bold; font-size: 40px; color: #5a5a5a !important;\">Interprete e Traduttrice Professionista<\/mark><\/p>\n<div class=\"consulting-rev-text\" style=\"color: #5a5a5a !important; transition: none 0s ease 0s; text-align: inherit; line-height: 32px; border-width: 0px; margin: 0px; padding: 0px; letter-spacing: 0px; font-weight: 400; font-size: 24px;\">Italiano, Inglese, Russo<\/div>\n<p>[\/vc_column_text][vc_column_text]<a class=\"button icon_right lillach\" style=\"margin: 0px 16px 0px 0px;\" href=\"https:\/\/chiarasalce.com\/it\/servizi\/\">Servizi<i class=\"fa fa-chevron-right\" style=\"transition: none 0s ease 0s; text-align: inherit; line-height: 14px; border-width: 0px; margin: 0px; padding: 0px; letter-spacing: 0px; font-weight: 400; font-size: 14px;\"><\/i><\/a><a class=\"button icon_right violettoch\" style=\"margin: 0px 16px 0px 0px;\" href=\"https:\/\/chiarasalce.com\/it\/contatti\/\">Contattami<i class=\"fa fa-chevron-right\" style=\"transition: none 0s ease 0s; text-align: inherit; line-height: 14px; border-width: 0px; margin: 0px; padding: 0px; letter-spacing: 0px; font-weight: 400; font-size: 14px;\"><\/i><\/a>[\/vc_column_text][\/vc_column_inner][\/vc_row_inner][\/vc_column][vc_column width=&#8221;1\/2&#8243;][\/vc_column][\/vc_row][vc_row full_width=&#8221;stretch_row&#8221; css=&#8221;.vc_custom_1489066679375{background-color: #f2f2f2 !important;}&#8221;][vc_column width=&#8221;1\/6&#8243; css=&#8221;.vc_custom_1489066794215{padding-top: 5% !important;}&#8221;][\/vc_column][vc_column width=&#8221;2\/3&#8243; css=&#8221;.vc_custom_1508259213969{padding-top: 50px !important;}&#8221;][vc_custom_heading text=&#8221;Servizi di Interpretariato e Traduzione&#8221; font_container=&#8221;tag:h2|text_align:center|color:%235a5a5a&#8221; use_theme_fonts=&#8221;yes&#8221; css=&#8221;.vc_custom_1529485356293{margin-bottom: 40px !important;}&#8221;][vc_column_text]<\/p>\n<p style=\"text-align: justify;\">Servizi professionali di interpretariato e traduzione tra l&#8217;italiano, l&#8217;inglese e il russo. Formazione specifica in interpretariato di consecutiva e simultanea. 5 anni di esperienza in occasione di svariati eventi, quali conferenze internazionali, seminari, riunioni di gruppi di lavoro, visite aziendali, trattative commerciali. Esperienza nella traduzione di contratti, descrizioni di prodotti, contenuti web, testi pubblicitari, comunicati stampa, articoli di giornale e molto altro.<\/p>\n<p>[\/vc_column_text][\/vc_column][vc_column width=&#8221;1\/6&#8243;][\/vc_column][\/vc_row][vc_row full_width=&#8221;stretch_row&#8221; css=&#8221;.vc_custom_1505294476956{padding-top: 70px !important;padding-bottom: 70px !important;background-color: #f2f2f2 !important;}&#8221;][vc_column width=&#8221;1\/2&#8243; offset=&#8221;vc_col-lg-4 vc_col-md-4&#8243;][stm_info_box style=&#8221;style_3&#8243; title_icon=&#8221;fa fa-microphone&#8221; icon=&#8221;fa fa-chevron-right&#8221; title=&#8221;Interpretariato&#8221; image=&#8221;2130&#8243; link=&#8221;url:%2Fit%2Fservizi%2Fservizi-interpretariato%2F|||&#8221; css=&#8221;.vc_custom_1518772026318{margin-bottom: 0px !important;}&#8221;]Interpretariato di consecutiva e simultanea tra italiano, inglese e russo.[\/stm_info_box][stm_spacing sm_spacing=&#8221;30px&#8221; xs_spacing=&#8221;30px&#8221;][\/vc_column][vc_column width=&#8221;1\/2&#8243; offset=&#8221;vc_col-lg-4 vc_col-md-4&#8243;][stm_info_box style=&#8221;style_3&#8243; title_icon=&#8221;fa fa-desktop&#8221; icon=&#8221;fa fa-chevron-right&#8221; title=&#8221;Traduzione&#8221; image=&#8221;2134&#8243; link=&#8221;url:%2Flanguage-services%2Ftranslation-services%2F|||&#8221; css=&#8221;.vc_custom_1518772060557{margin-bottom: 0px !important;}&#8221;]Traduzione di documenti e contenuti web.[\/stm_info_box][stm_spacing sm_spacing=&#8221;30px&#8221; xs_spacing=&#8221;30px&#8221;][\/vc_column][vc_column width=&#8221;1\/2&#8243; offset=&#8221;vc_col-lg-4 vc_col-md-4&#8243;][stm_info_box style=&#8221;style_3&#8243; title_icon=&#8221;fa fa-sticky-note&#8221; icon=&#8221;fa fa-chevron-right&#8221; title=&#8221;Revisione Testi&#8221; image=&#8221;2136&#8243; link=&#8221;url:%2Flanguage-services%2Fproofreader%2F|||&#8221; css=&#8221;.vc_custom_1518772088185{margin-bottom: 0px !important;}&#8221;]Controllo ortografico e grammaticale di documenti e testi redatti in italiano e in inglese.[\/stm_info_box][stm_spacing sm_spacing=&#8221;30px&#8221; xs_spacing=&#8221;30px&#8221;][\/vc_column][\/vc_row][vc_row full_width=&#8221;stretch_row&#8221; css=&#8221;.vc_custom_1508264572860{padding-top: 70px !important;padding-bottom: 70px !important;background-image: url(\/wp-content\/uploads\/2015\/12\/about-chiara-salce-group.jpg?id=2141) !important;background-position: center !important;background-repeat: no-repeat !important;background-size: cover !important;}&#8221;][vc_column width=&#8221;1\/2&#8243;][vc_row_inner css=&#8221;.vc_custom_1505297709547{padding-top: 5% !important;padding-right: 5% !important;padding-bottom: 5% !important;padding-left: 5% !important;background-color: rgba(255,255,255,0.9) !important;*background-color: rgb(255,255,255) !important;}&#8221;][vc_column_inner][vc_custom_heading text=&#8221;Chi Sono&#8221; font_container=&#8221;tag:h2|text_align:left|color:%235a5a5a&#8221; use_theme_fonts=&#8221;yes&#8221; css=&#8221;.vc_custom_1529485369716{margin-bottom: 40px !important;}&#8221;][vc_column_text]Ho conseguito la Laurea Triennale in Traduzione e Interpretariato e la Laurea Specialistica in Interpretariato di Conferenza presso la Scuola Superiore di Lingue Moderne per Interpreti e Traduttori di Forl\u00ec (Universit\u00e0 di Bologna). Ho ottenuto un Master in Interpretariato di Conferenza Inglese-Russo presso il Monterey Institute of International Studies (California). Ho vissuto e studiato per quasi cinque anni negli USA, prima al liceo e poi all&#8217;universit\u00e0. Studio russo da circa dieci anni e ho partecipato a programmi di scambio in Russia presso l&#8217;Universit\u00e0 Statale di Mosca (MGU), l&#8217;Universit\u00e0 Statale Russa per gli Studi Umanistici (RGGU) e l&#8217;Universit\u00e0 Statale Linguistica di Mosca (MGLU).<\/p>\n<p>Lavorando come interprete e traduttrice, aiuto persone di diversi Paesi a comunicare tra loro, ed \u00e8 proprio questa la parte del mio lavoro che amo di pi\u00f9. Costruiamo ponti tra culture! Ritengo di essere un professionista che ama il proprio lavoro, rispetto i codici deontologici delle associazioni professionali del settore e mi impegno a fondo per portare a termine nel migliore dei modi ciascun incarico, effettuando approfondite ricerche terminologiche e rispettando sempre le consegne pattuite. Contattatemi per discutere i dettagli del vostro progetto e le vostre precise esigenze, sar\u00f2 lieta di potervi aiutare! [\/vc_column_text][\/vc_column_inner][\/vc_row_inner][\/vc_column][vc_column width=&#8221;1\/2&#8243;][\/vc_column][\/vc_row][vc_row full_width=&#8221;stretch_row&#8221; css=&#8221;.vc_custom_1505294582779{padding-top: 30px !important;padding-bottom: 80px !important;background-color: #f2f2f2 !important;}&#8221;][vc_column][vc_custom_heading text=&#8221;Contattami&#8221; font_container=&#8221;tag:h2|text_align:center|color:%235a5a5a&#8221; use_theme_fonts=&#8221;yes&#8221; css=&#8221;.vc_custom_1529485384300{margin-top: 5% !important;margin-bottom: 40px !important;}&#8221;][vc_row_inner][vc_column_inner width=&#8221;1\/3&#8243;][stm_contacts_widget style=&#8221;style_4&#8243; email=&#8221;info@chiarasalce.com&#8221; title=&#8221;Dettagli di Contatto&#8221; phone=&#8221;+45 53 50 88 01&#8243; linkedin=&#8221;https:\/\/www.linkedin.com\/in\/chiara-salce-language-services\/&#8221;][\/vc_column_inner][vc_column_inner width=&#8221;2\/3&#8243;]\n<div class=\"wpcf7 no-js\" id=\"wpcf7-f2294-o1\" lang=\"en-US\" dir=\"ltr\" data-wpcf7-id=\"2294\">\n<div class=\"screen-reader-response\"><p role=\"status\" aria-live=\"polite\" aria-atomic=\"true\"><\/p> <ul><\/ul><\/div>\n<form action=\"\/it\/wp-json\/wp\/v2\/pages\/2213#wpcf7-f2294-o1\" method=\"post\" class=\"wpcf7-form init\" aria-label=\"Contact form\" novalidate=\"novalidate\" data-status=\"init\">\n<fieldset class=\"hidden-fields-container\"><input type=\"hidden\" name=\"_wpcf7\" value=\"2294\" \/><input type=\"hidden\" name=\"_wpcf7_version\" value=\"6.1.1\" \/><input type=\"hidden\" name=\"_wpcf7_locale\" value=\"en_US\" \/><input type=\"hidden\" name=\"_wpcf7_unit_tag\" value=\"wpcf7-f2294-o1\" \/><input type=\"hidden\" name=\"_wpcf7_container_post\" value=\"0\" \/><input type=\"hidden\" name=\"_wpcf7_posted_data_hash\" value=\"\" \/>\n<\/fieldset>\n<div class=\"request_callback\">\n    <div class=\"row\">\n        <div class=\"col-lg-6 col-md-6 col-sm-6 col-xs-12\">\n            <div class=\"input-group\">\n                <span class=\"wpcf7-form-control-wrap\" data-name=\"nome\"><input size=\"40\" maxlength=\"400\" class=\"wpcf7-form-control wpcf7-text wpcf7-validates-as-required\" aria-required=\"true\" aria-invalid=\"false\" placeholder=\"Nome e Cognome*\" value=\"\" type=\"text\" name=\"nome\" \/><\/span>\n            <\/div>\n            <div class=\"input-group\">\n                <span class=\"wpcf7-form-control-wrap\" data-name=\"email\"><input size=\"40\" maxlength=\"400\" class=\"wpcf7-form-control wpcf7-email wpcf7-validates-as-required wpcf7-text wpcf7-validates-as-email\" aria-required=\"true\" aria-invalid=\"false\" placeholder=\"E-mail*\" value=\"\" type=\"email\" name=\"email\" \/><\/span>\n            <\/div>\n        <\/div>\n        <div class=\"col-lg-6 col-md-6 col-sm-6 col-xs-12\">\n            <div class=\"input-group\">\n                <span class=\"wpcf7-form-control-wrap\" data-name=\"message\"><textarea cols=\"40\" rows=\"10\" maxlength=\"2000\" class=\"wpcf7-form-control wpcf7-textarea wpcf7-validates-as-required\" aria-required=\"true\" aria-invalid=\"false\" placeholder=\"Il Tuo Messaggio*\" name=\"message\"><\/textarea><\/span>\n            <\/div>\n<span class=\"wpcf7-form-control-wrap\" data-name=\"your-consent\"><span class=\"wpcf7-form-control wpcf7-acceptance\"><span class=\"wpcf7-list-item\"><label><input type=\"checkbox\" name=\"your-consent\" value=\"1\" aria-invalid=\"false\" \/><span class=\"wpcf7-list-item-label\">Cliccando su questa casella, accetto la <a href=\"https:\/\/chiarasalce.com\/privacy-policy\/\" target=\"_blank\">privacy policy<\/a> del sito.<\/span><\/label><\/span><\/span><\/span>\n            <div class=\"input-group\">\n                <button type=\"submit\" class=\"button greench size-lg\">Invia<\/button>\n            <\/div>\n        <\/div>\n    <\/div>\n<\/div><div class=\"wpcf7-response-output\" aria-hidden=\"true\"><\/div>\n<\/form>\n<\/div>\n[\/vc_column_inner][\/vc_row_inner][\/vc_column][\/vc_row]<\/p>\n<\/div>","protected":false},"excerpt":{"rendered":"<p>[vc_row full_width=&#8221;stretch_row&#8221; full_height=&#8221;yes&#8221; content_placement=&#8221;top&#8221; css=&#8221;.vc_custom_1527328546058{margin-top: 125px !important;margin-bottom: 0px !important;background-image: url(\/wp-content\/uploads\/2015\/12\/chiara-salce-interpreter-background-3-1.jpg?id=2171) !important;background-position: center !important;background-repeat: no-repeat !important;background-size: cover !important;}&#8221; el_class=&#8221;iussaviachiara&#8221;][vc_column width=&#8221;1\/2&#8243; offset=&#8221;vc_hidden-xs&#8221;][vc_row_inner css=&#8221;.vc_custom_1511168318296{padding-top: 5% !important;padding-right: 5% !important;padding-bottom: 5% !important;padding-left: 5% !important;background-color: rgba(255,255,255,0.9) !important;*background-color: rgb(255,255,255) !important;}&#8221;][vc_column_inner css=&#8221;.vc_custom_1510048000439{padding-bottom: 25px !important;}&#8221;][vc_column_text css=&#8221;.vc_custom_1529485338213{margin-top: 5% !important;}&#8221;]Interprete e Traduttrice Professionista Italiano, Inglese, Russo [\/vc_column_text][vc_column_text]ServiziContattami[\/vc_column_text][\/vc_column_inner][\/vc_row_inner][\/vc_column][vc_column width=&#8221;1\/2&#8243;][\/vc_column][\/vc_row][vc_row full_width=&#8221;stretch_row&#8221; css=&#8221;.vc_custom_1489066679375{background-color: #f2f2f2 !important;}&#8221;][vc_column width=&#8221;1\/6&#8243; css=&#8221;.vc_custom_1489066794215{padding-top: 5% !important;}&#8221;][\/vc_column][vc_column<\/p>\n","protected":false},"author":2,"featured_media":0,"parent":0,"menu_order":0,"comment_status":"closed","ping_status":"closed","template":"","meta":{"footnotes":""},"class_list":["post-2213","page","type-page","status-publish","hentry"],"yoast_head":"<!-- This site is optimized with the Yoast SEO plugin v25.7 - https:\/\/yoast.com\/wordpress\/plugins\/seo\/ -->\n<title>Pagina Principale - Chiara Salce<\/title>\n<meta name=\"robots\" content=\"index, follow, max-snippet:-1, max-image-preview:large, max-video-preview:-1\" \/>\n<link rel=\"canonical\" href=\"https:\/\/chiarasalce.com\/it\/\" \/>\n<meta property=\"og:locale\" content=\"it_IT\" \/>\n<meta property=\"og:type\" content=\"article\" \/>\n<meta property=\"og:title\" content=\"Pagina Principale - Chiara Salce\" \/>\n<meta property=\"og:description\" content=\"[vc_row full_width=&#8221;stretch_row&#8221; full_height=&#8221;yes&#8221; content_placement=&#8221;top&#8221; css=&#8221;.vc_custom_1527328546058{margin-top: 125px !important;margin-bottom: 0px !important;background-image: url(\/wp-content\/uploads\/2015\/12\/chiara-salce-interpreter-background-3-1.jpg?id=2171) !important;background-position: center !important;background-repeat: no-repeat !important;background-size: cover !important;}&#8221; el_class=&#8221;iussaviachiara&#8221;][vc_column width=&#8221;1\/2&#8243; offset=&#8221;vc_hidden-xs&#8221;][vc_row_inner css=&#8221;.vc_custom_1511168318296{padding-top: 5% !important;padding-right: 5% !important;padding-bottom: 5% !important;padding-left: 5% !important;background-color: rgba(255,255,255,0.9) !important;*background-color: rgb(255,255,255) !important;}&#8221;][vc_column_inner css=&#8221;.vc_custom_1510048000439{padding-bottom: 25px !important;}&#8221;][vc_column_text css=&#8221;.vc_custom_1529485338213{margin-top: 5% !important;}&#8221;]Interprete e Traduttrice Professionista Italiano, Inglese, Russo [\/vc_column_text][vc_column_text]ServiziContattami[\/vc_column_text][\/vc_column_inner][\/vc_row_inner][\/vc_column][vc_column width=&#8221;1\/2&#8243;][\/vc_column][\/vc_row][vc_row full_width=&#8221;stretch_row&#8221; css=&#8221;.vc_custom_1489066679375{background-color: #f2f2f2 !important;}&#8221;][vc_column width=&#8221;1\/6&#8243; css=&#8221;.vc_custom_1489066794215{padding-top: 5% !important;}&#8221;][\/vc_column][vc_column\" \/>\n<meta property=\"og:url\" content=\"https:\/\/chiarasalce.com\/it\/\" \/>\n<meta property=\"og:site_name\" content=\"Chiara Salce\" \/>\n<meta property=\"article:modified_time\" content=\"2018-06-22T07:48:14+00:00\" \/>\n<meta name=\"twitter:card\" content=\"summary_large_image\" \/>\n<meta name=\"twitter:label1\" content=\"Tempo di lettura stimato\" \/>\n\t<meta name=\"twitter:data1\" content=\"4 minuti\" \/>\n<script type=\"application\/ld+json\" class=\"yoast-schema-graph\">{\"@context\":\"https:\/\/schema.org\",\"@graph\":[{\"@type\":\"WebPage\",\"@id\":\"https:\/\/chiarasalce.com\/it\/\",\"url\":\"https:\/\/chiarasalce.com\/it\/\",\"name\":\"Pagina Principale - Chiara Salce\",\"isPartOf\":{\"@id\":\"https:\/\/chiarasalce.com\/#website\"},\"datePublished\":\"2018-01-04T08:38:46+00:00\",\"dateModified\":\"2018-06-22T07:48:14+00:00\",\"breadcrumb\":{\"@id\":\"https:\/\/chiarasalce.com\/it\/#breadcrumb\"},\"inLanguage\":\"it-IT\",\"potentialAction\":[{\"@type\":\"ReadAction\",\"target\":[\"https:\/\/chiarasalce.com\/it\/\"]}]},{\"@type\":\"BreadcrumbList\",\"@id\":\"https:\/\/chiarasalce.com\/it\/#breadcrumb\",\"itemListElement\":[{\"@type\":\"ListItem\",\"position\":1,\"name\":\"Home\",\"item\":\"https:\/\/chiarasalce.com\/it\/\"},{\"@type\":\"ListItem\",\"position\":2,\"name\":\"Pagina Principale\"}]},{\"@type\":\"WebSite\",\"@id\":\"https:\/\/chiarasalce.com\/#website\",\"url\":\"https:\/\/chiarasalce.com\/\",\"name\":\"Chiara Salce\",\"description\":\"Professional Interpreter and Translator\",\"potentialAction\":[{\"@type\":\"SearchAction\",\"target\":{\"@type\":\"EntryPoint\",\"urlTemplate\":\"https:\/\/chiarasalce.com\/?s={search_term_string}\"},\"query-input\":{\"@type\":\"PropertyValueSpecification\",\"valueRequired\":true,\"valueName\":\"search_term_string\"}}],\"inLanguage\":\"it-IT\"}]}<\/script>\n<!-- \/ Yoast SEO plugin. -->","yoast_head_json":{"title":"Pagina Principale - Chiara Salce","robots":{"index":"index","follow":"follow","max-snippet":"max-snippet:-1","max-image-preview":"max-image-preview:large","max-video-preview":"max-video-preview:-1"},"canonical":"https:\/\/chiarasalce.com\/it\/","og_locale":"it_IT","og_type":"article","og_title":"Pagina Principale - Chiara Salce","og_description":"[vc_row full_width=&#8221;stretch_row&#8221; full_height=&#8221;yes&#8221; content_placement=&#8221;top&#8221; css=&#8221;.vc_custom_1527328546058{margin-top: 125px !important;margin-bottom: 0px !important;background-image: url(\/wp-content\/uploads\/2015\/12\/chiara-salce-interpreter-background-3-1.jpg?id=2171) !important;background-position: center !important;background-repeat: no-repeat !important;background-size: cover !important;}&#8221; el_class=&#8221;iussaviachiara&#8221;][vc_column width=&#8221;1\/2&#8243; offset=&#8221;vc_hidden-xs&#8221;][vc_row_inner css=&#8221;.vc_custom_1511168318296{padding-top: 5% !important;padding-right: 5% !important;padding-bottom: 5% !important;padding-left: 5% !important;background-color: rgba(255,255,255,0.9) !important;*background-color: rgb(255,255,255) !important;}&#8221;][vc_column_inner css=&#8221;.vc_custom_1510048000439{padding-bottom: 25px !important;}&#8221;][vc_column_text css=&#8221;.vc_custom_1529485338213{margin-top: 5% !important;}&#8221;]Interprete e Traduttrice Professionista Italiano, Inglese, Russo [\/vc_column_text][vc_column_text]ServiziContattami[\/vc_column_text][\/vc_column_inner][\/vc_row_inner][\/vc_column][vc_column width=&#8221;1\/2&#8243;][\/vc_column][\/vc_row][vc_row full_width=&#8221;stretch_row&#8221; css=&#8221;.vc_custom_1489066679375{background-color: #f2f2f2 !important;}&#8221;][vc_column width=&#8221;1\/6&#8243; css=&#8221;.vc_custom_1489066794215{padding-top: 5% !important;}&#8221;][\/vc_column][vc_column","og_url":"https:\/\/chiarasalce.com\/it\/","og_site_name":"Chiara Salce","article_modified_time":"2018-06-22T07:48:14+00:00","twitter_card":"summary_large_image","twitter_misc":{"Tempo di lettura stimato":"4 minuti"},"schema":{"@context":"https:\/\/schema.org","@graph":[{"@type":"WebPage","@id":"https:\/\/chiarasalce.com\/it\/","url":"https:\/\/chiarasalce.com\/it\/","name":"Pagina Principale - Chiara Salce","isPartOf":{"@id":"https:\/\/chiarasalce.com\/#website"},"datePublished":"2018-01-04T08:38:46+00:00","dateModified":"2018-06-22T07:48:14+00:00","breadcrumb":{"@id":"https:\/\/chiarasalce.com\/it\/#breadcrumb"},"inLanguage":"it-IT","potentialAction":[{"@type":"ReadAction","target":["https:\/\/chiarasalce.com\/it\/"]}]},{"@type":"BreadcrumbList","@id":"https:\/\/chiarasalce.com\/it\/#breadcrumb","itemListElement":[{"@type":"ListItem","position":1,"name":"Home","item":"https:\/\/chiarasalce.com\/it\/"},{"@type":"ListItem","position":2,"name":"Pagina Principale"}]},{"@type":"WebSite","@id":"https:\/\/chiarasalce.com\/#website","url":"https:\/\/chiarasalce.com\/","name":"Chiara Salce","description":"Professional Interpreter and Translator","potentialAction":[{"@type":"SearchAction","target":{"@type":"EntryPoint","urlTemplate":"https:\/\/chiarasalce.com\/?s={search_term_string}"},"query-input":{"@type":"PropertyValueSpecification","valueRequired":true,"valueName":"search_term_string"}}],"inLanguage":"it-IT"}]}},"_links":{"self":[{"href":"https:\/\/chiarasalce.com\/it\/wp-json\/wp\/v2\/pages\/2213","targetHints":{"allow":["GET"]}}],"collection":[{"href":"https:\/\/chiarasalce.com\/it\/wp-json\/wp\/v2\/pages"}],"about":[{"href":"https:\/\/chiarasalce.com\/it\/wp-json\/wp\/v2\/types\/page"}],"author":[{"embeddable":true,"href":"https:\/\/chiarasalce.com\/it\/wp-json\/wp\/v2\/users\/2"}],"replies":[{"embeddable":true,"href":"https:\/\/chiarasalce.com\/it\/wp-json\/wp\/v2\/comments?post=2213"}],"version-history":[{"count":10,"href":"https:\/\/chiarasalce.com\/it\/wp-json\/wp\/v2\/pages\/2213\/revisions"}],"predecessor-version":[{"id":2308,"href":"https:\/\/chiarasalce.com\/it\/wp-json\/wp\/v2\/pages\/2213\/revisions\/2308"}],"wp:attachment":[{"href":"https:\/\/chiarasalce.com\/it\/wp-json\/wp\/v2\/media?parent=2213"}],"curies":[{"name":"wp","href":"https:\/\/api.w.org\/{rel}","templated":true}]}}